{"id":198,"date":"2025-03-01T16:46:56","date_gmt":"2025-03-01T15:46:56","guid":{"rendered":"https:\/\/jasonsblue.sk\/?page_id=198"},"modified":"2025-03-01T17:13:28","modified_gmt":"2025-03-01T16:13:28","slug":"ellie-jasons-blue","status":"publish","type":"page","link":"https:\/\/jasonsblue.sk\/?page_id=198","title":{"rendered":"Ellie Jasons blue"},"content":{"rendered":"\t\t<div data-elementor-type=\"wp-page\" data-elementor-id=\"198\" class=\"elementor elementor-198\">\n\t\t\t\t<div class=\"elementor-element elementor-element-0783a45 e-flex e-con-boxed e-con e-parent\" data-id=\"0783a45\" data-element_type=\"container\">\n\t\t\t\t\t<div class=\"e-con-inner\">\n\t\t\t\t<div class=\"elementor-element elementor-element-92d27b6 elementor-widget elementor-widget-penci-text-block\" data-id=\"92d27b6\" data-element_type=\"widget\" data-widget_type=\"penci-text-block.default\">\n\t\t\t\t<div class=\"elementor-widget-container\">\n\t\t\t\t\t\t\t<div class=\"penci-block-vc penci-text-editor\">\n\t\t\t        <div class=\"penci-border-arrow penci-homepage-title penci-home-latest-posts style-21 pcalign-center pciconp-right pcicon-right block-title-icon-left\">\n            <h3 class=\"inner-arrow\">\n                <span>\n                    <span>Ellie Jasons blue<\/a>                <\/span>\n            <\/h3>\n\t\t\t        <\/div>\n\t\t\t\t\t<div class=\"penci-block_content\">\n\t\t\t\t<div class=\"elementor-text-editor elementor-clearfix\"><p>Chovn\u00e1 suka Ellie Jasons blue<\/p><p>otec: <a href=\"https:\/\/jasonsblue.sk\/?page_id=175\">Nougat Jasons blue<\/a><br \/>matka: Jacinthe des<\/p><\/div>\n\t\t\t<\/div>\n\t\t<\/div>\n\t\t\t\t\t\t<\/div>\n\t\t\t\t<\/div>\n\t\t\t\t\t<\/div>\n\t\t\t\t<\/div>\n\t\t<div class=\"elementor-element elementor-element-a1637b9 e-flex e-con-boxed e-con e-parent\" data-id=\"a1637b9\" data-element_type=\"container\">\n\t\t\t\t\t<div class=\"e-con-inner\">\n\t\t\t\t<div class=\"elementor-element elementor-element-0753286 elementor-widget elementor-widget-penci-big-grid\" data-id=\"0753286\" data-element_type=\"widget\" data-widget_type=\"penci-big-grid.default\">\n\t\t\t\t<div class=\"elementor-widget-container\">\n\t\t\t\t\t        <div class=\"penci-clearfix penci-biggrid-wrapper penci-grid-col-3 penci-grid-mcol-1 penci-bgrid-based-post penci-bgrid-style-1 pcbg-ficonpo-top-right pcbg-reiconpo-top-left penci-bgrid-content-on pencibg-imageh-zoom-in pencibg-texth-none pencibg-textani-movetop textop\">\n\t\t\t        <div class=\"penci-border-arrow penci-homepage-title penci-home-latest-posts style-21 pcalign-center pciconp-right pcicon-right block-title-icon-left\">\n            <h3 class=\"inner-arrow\">\n                <span>\n                    <span>S\u00favisiace \u010dl\u00e1nky<\/a>                <\/span>\n            <\/h3>\n\t\t\t        <\/div>\n\t\t            <div class=\"penci-clearfix penci-biggrid penci-bgstyle-1 penci-bgel\">\n                <div class=\"penci-biggrid-inner default\">\n\t\t\t\t\t<div class=\"penci-clearfix penci-biggrid-data penci-dflex\"><div class=\"penci-bgitem\">\n    <div class=\"penci-bgitin\">\n        <div class=\"penci-bgmain\">\n            <div class=\"pcbg-thumb\">\n\t\t\t\t\t\t\t\t                <div class=\"pcbg-thumbin\">\n                    <a class=\"pcbg-bgoverlay\"\n                       href=\"https:\/\/jasonsblue.sk\/?p=43\" title=\"\u0160teniatka &#8211; vrh  F!\"><\/a>\n\n                        <div  data-bgset=\"https:\/\/jasonsblue.sk\/wp-content\/uploads\/2025\/02\/Messenger_creation_7CFA297B-6868-411B-A101-DBD51D47C63B-585x439.jpeg\" data_bg_hidpi=\"https:\/\/jasonsblue.sk\/wp-content\/uploads\/2025\/02\/Messenger_creation_7CFA297B-6868-411B-A101-DBD51D47C63B-585x439.jpeg\" class=\"penci-lazy penci-image-holder\">\n                                                    <\/div>\n\n                <\/div>\n            <\/div>\n            <div class=\"pcbg-content\">\n                <div class=\"pcbg-content-flex\">\n                    <a class=\"pcbg-bgoverlay active-overlay\"\n                       href=\"https:\/\/jasonsblue.sk\/?p=43\" title=\"\u0160teniatka &#8211; vrh  F!\"><\/a>\n                    <div class=\"pcbg-content-inner bgcontent-block\">\n                        <a href=\"https:\/\/jasonsblue.sk\/?p=43\" title=\"\u0160teniatka &#8211; vrh  F!\"\n                           class=\"pcbg-bgoverlaytext item-hover\"><\/a>\n\n\t\t\t\t\t\t                            <div class=\"pcbg-above item-hover\">\n\t\t\t\t\t\t\t<span class=\"cat pcbg-sub-title\">\n\t\t\t\t\t\t\t\t<a style=\"\" class=\"penci-cat-name penci-cat-9\" href=\"https:\/\/jasonsblue.sk\/?cat=9\"  rel=\"category tag\"><span style=\"\">Ellie<\/span><\/a><a style=\"\" class=\"penci-cat-name penci-cat-7\" href=\"https:\/\/jasonsblue.sk\/?cat=7\"  rel=\"category tag\"><span style=\"\">Na\u0161e psy<\/span><\/a><a style=\"\" class=\"penci-cat-name penci-cat-6\" href=\"https:\/\/jasonsblue.sk\/?cat=6\"  rel=\"category tag\"><span style=\"\">vrhy<\/span><\/a>\t\t\t\t\t\t\t<\/span>\n                            <\/div>\n\t\t\t\t\t\t\n\t\t\t\t\t\t                            <div class=\"pcbg-heading item-hover\">\n                                <h3 class=\"pcbg-title\">\n                                    <a href=\"https:\/\/jasonsblue.sk\/?p=43\">\n\t\t\t\t\t\t\t\t\t\t\u0160teniatka &#8211; vrh  F!                                    <\/a>\n                                <\/h3>\n                            <\/div>\n\t\t\t\t\t\t\n\t\t\t\t\t\t                            <div class=\"grid-post-box-meta pcbg-meta item-hover\">\n                                <div class=\"pcbg-meta-desc\">\n\t\t\t\t\t\t\t\t\t                                        <span class=\"bg-date-author author-italic author vcard\">\n\t\t\t\t\t\t\t\t\t\tby                                                 <a class=\"author-url url fn n\"\n                                                   href=\"https:\/\/jasonsblue.sk\/?author=1\">admin<\/a>\n\t\t\t\t\t\t\t\t\t\t\t\t\t\t\t\t\t\t\t\t<\/span>\n\t\t\t\t\t\t\t\t\t\t\t\t\t\t\t\t\t\t                                        <span class=\"bg-date\"><time class=\"entry-date published\" datetime=\"2025-02-15T14:51:00+01:00\">15. febru\u00e1ra 2025<\/time><\/span>\n\t\t\t\t\t\t\t\t\t\t\t\t\t\t\t\t\t\t\t\t\t\t\t\t\t\t\t\t\t\t\t\t\t\t\t\t\t\t\t\t\t\t\t\t\t                                <\/div>\n\t\t\t\t\t\t\t\t                            <\/div>\n\t\t\t\t\t\t\n\t\t\t\t\t\t                    <\/div>\n                <\/div>\n            <\/div>\n        <\/div>\n    <\/div>\n<\/div>\n<\/div>                <\/div>\n\t\t\t\t            <\/div>\n        <\/div>\n\t\t\t\t\t\t<\/div>\n\t\t\t\t<\/div>\n\t\t\t\t\t<\/div>\n\t\t\t\t<\/div>\n\t\t\t\t<\/div>\n\t\t","protected":false},"excerpt":{"rendered":"<p>Ellie Jasons blue Chovn\u00e1 suka Ellie Jasons blue otec: Nougat Jasons bluematka: Jacinthe des S\u00favisiace \u010dl\u00e1nky EllieNa\u0161e psyvrhy \u0160teniatka &#8211; vrh F! by admin 15. febru\u00e1ra 2025<\/p>\n","protected":false},"author":1,"featured_media":181,"parent":89,"menu_order":0,"comment_status":"closed","ping_status":"closed","template":"","meta":{"content-type":"","om_disable_all_campaigns":false,"_monsterinsights_skip_tracking":false,"_monsterinsights_sitenote_active":false,"_monsterinsights_sitenote_note":"","_monsterinsights_sitenote_category":0,"_uf_show_specific_survey":0,"_uf_disable_surveys":false,"_lmt_disableupdate":"","_lmt_disable":"","footnotes":""},"class_list":["post-198","page","type-page","status-publish","has-post-thumbnail","hentry"],"aioseo_notices":[],"_links":{"self":[{"href":"https:\/\/jasonsblue.sk\/index.php?rest_route=\/wp\/v2\/pages\/198","targetHints":{"allow":["GET"]}}],"collection":[{"href":"https:\/\/jasonsblue.sk\/index.php?rest_route=\/wp\/v2\/pages"}],"about":[{"href":"https:\/\/jasonsblue.sk\/index.php?rest_route=\/wp\/v2\/types\/page"}],"author":[{"embeddable":true,"href":"https:\/\/jasonsblue.sk\/index.php?rest_route=\/wp\/v2\/users\/1"}],"replies":[{"embeddable":true,"href":"https:\/\/jasonsblue.sk\/index.php?rest_route=%2Fwp%2Fv2%2Fcomments&post=198"}],"version-history":[{"count":6,"href":"https:\/\/jasonsblue.sk\/index.php?rest_route=\/wp\/v2\/pages\/198\/revisions"}],"predecessor-version":[{"id":222,"href":"https:\/\/jasonsblue.sk\/index.php?rest_route=\/wp\/v2\/pages\/198\/revisions\/222"}],"up":[{"embeddable":true,"href":"https:\/\/jasonsblue.sk\/index.php?rest_route=\/wp\/v2\/pages\/89"}],"wp:featuredmedia":[{"embeddable":true,"href":"https:\/\/jasonsblue.sk\/index.php?rest_route=\/wp\/v2\/media\/181"}],"wp:attachment":[{"href":"https:\/\/jasonsblue.sk\/index.php?rest_route=%2Fwp%2Fv2%2Fmedia&parent=198"}],"curies":[{"name":"wp","href":"https:\/\/api.w.org\/{rel}","templated":true}]}}