{"id":15,"date":"2025-01-28T17:03:13","date_gmt":"2025-01-28T16:03:13","guid":{"rendered":"https:\/\/jasonsblue.sk\/?page_id=15"},"modified":"2025-03-05T16:58:09","modified_gmt":"2025-03-05T15:58:09","slug":"chovatelska-stanica-jasonsblue","status":"publish","type":"page","link":"https:\/\/jasonsblue.sk\/","title":{"rendered":"Chovate\u013esk\u00e1 stanica jasonsblue"},"content":{"rendered":"\t\t<div data-elementor-type=\"wp-page\" data-elementor-id=\"15\" class=\"elementor elementor-15\">\n\t\t\t\t<div class=\"elementor-element elementor-element-04b7b1d e-flex e-con-boxed e-con e-parent\" data-id=\"04b7b1d\" data-element_type=\"container\">\n\t\t\t\t\t<div class=\"e-con-inner\">\n\t\t\t\t<div class=\"elementor-element elementor-element-cbacda4 penci-h-poswrap-center penci-v-poswrap-middle elementor-widget elementor-widget-penci-custom-sliders\" data-id=\"cbacda4\" data-element_type=\"widget\" data-widget_type=\"penci-custom-sliders.default\">\n\t\t\t\t<div class=\"elementor-widget-container\">\n\t\t\t\t\t<div class=\"penci-block-vc penci-custom-slides\"><div class=\"penci-block_content penci-slides-wrap swiper penci-owl-carousel penci-owl-carousel-slider pcdots-dots\"  data-items=\"1\" data-auto=\"true\" data-autotime=\"4000\" data-speed=\"800\" data-anim=\"slide\" data-ceffect=\"swing\" data-seffect=\"creative\"><div class=\"swiper-wrapper\"><div class=\"swiper-slide elementor-repeater-item-1dcfb3a penci-ctslide-wrap\"><div class=\"penci-custom-slide\"><div class=\"penci-ctslide-bg\"><\/div><div class=\"penci-ctslide-inner\"><div class=\"penci-ctslider-content penci-fadeInUp\"><h2 class=\"pencislider-title\">Jacinthe des Vallees Longeronnaises<\/h2><\/div><\/div><\/div><\/div><div class=\"swiper-slide elementor-repeater-item-e910527 penci-ctslide-wrap\"><div class=\"penci-custom-slide\"><div class=\"penci-ctslide-bg\"><\/div><div class=\"penci-ctslide-inner\"><div class=\"penci-ctslider-content penci-fadeInUp\"><h2 class=\"pencislider-title\">Legende des Vallees Longeronnaises<\/h2><\/div><\/div><\/div><\/div><div class=\"swiper-slide elementor-repeater-item-5d83960 penci-ctslide-wrap\"><div class=\"penci-custom-slide\"><div class=\"penci-ctslide-bg\"><\/div><div class=\"penci-ctslide-inner\"><div class=\"penci-ctslider-content penci-fadeInUp\"><h2 class=\"pencislider-title\">Nougat des Vallees Longeronnaises<\/h2><\/div><\/div><\/div><\/div><div class=\"swiper-slide elementor-repeater-item-05ae9db penci-ctslide-wrap\"><div class=\"penci-custom-slide\"><div class=\"penci-ctslide-bg\"><\/div><div class=\"penci-ctslide-inner\"><div class=\"penci-ctslider-content penci-fadeInUp\"><h2 class=\"pencislider-title\">Melvin des Vallees Longeronnaises<\/h2><\/div><\/div><\/div><\/div><\/div><\/div><\/div>\t\t\t\t<\/div>\n\t\t\t\t<\/div>\n\t\t\t\t\t<\/div>\n\t\t\t\t<\/div>\n\t\t<div class=\"elementor-element elementor-element-8b5654f e-flex e-con-boxed e-con e-parent\" data-id=\"8b5654f\" data-element_type=\"container\">\n\t\t\t\t\t<div class=\"e-con-inner\">\n\t\t\t\t<div class=\"elementor-element elementor-element-1f79e80 elementor-widget elementor-widget-penci-text-block\" data-id=\"1f79e80\" data-element_type=\"widget\" data-widget_type=\"penci-text-block.default\">\n\t\t\t\t<div class=\"elementor-widget-container\">\n\t\t\t\t\t\t\t<div class=\"penci-block-vc penci-text-editor\">\n\t\t\t        <div class=\"penci-border-arrow penci-homepage-title penci-home-latest-posts style-21 pcalign-center pciconp-right pcicon-right block-title-icon-left\">\n            <h3 class=\"inner-arrow\">\n                <span>\n                    <span>Na\u0161a chovate\u013esk\u00e1 stanica<\/a>                <\/span>\n            <\/h3>\n\t\t\t        <\/div>\n\t\t\t\t\t<div class=\"penci-block_content\">\n\t\t\t\t<div class=\"elementor-text-editor elementor-clearfix\"><p>Vitajte na str\u00e1nke chovate\u013eskej stanice Jasons blue, kde sa venujeme chovu psov plemena<\/p>\n<h2>modr\u00fd gaskonsk\u00fd baset &#8211; Basset Bleu de Gascogne.<\/h2>\n<p>Toto u\u017e takmer vymiznut\u00e9 plemeno s dlhoro\u010dnou hist\u00f3riou bolo vy\u0161lachten\u00e9 vo Franc\u00fazku, kde bolo znovu z\u00e1chranen\u00e9 v 19. storo\u010d\u00ed. Bol vyu\u017e\u00edvan\u00fd vo svork\u00e1ch na po\u013eova\u010dk\u00e1ch kde sa v\u010faka jeho n\u00edzkemu vzrastu mohol efekt\u00edvne pohybova\u0165 h\u00fa\u0161tinami.<\/p>\n<p>V\u0161etky na\u0161e psy maj\u00fa okrem v\u00fdnimo\u010dnych exteri\u00e9rov\u00fdch vlastnost\u00ed aj po\u013eovn\u00e9 sk\u00fa\u0161ky a akt\u00edvne pestujeme ich prirodzen\u00e9 loveck\u00e9 in\u0161tinkty.<br \/>Je to akt\u00edvny a vesel\u00fd pes vhodn\u00fd k de\u0165om a ostatn\u00fdm psom.<\/p>\n<p>Viac o plemene sa m\u00f4\u017eete dozvedie\u0165 tu &#8211; ofici\u00e1lny FCI popis plemena.<\/p>\n<h3>H\u013ead\u00e1te \u0161teniatko modr\u00e9ho gaskonsk\u00e9ho baseta?<\/h3>\n<p>Nev\u00e1hajte n\u00e1s kontaktova\u0165 pre viac inform\u00e1ci\u00ed o pl\u00e1novan\u00fdch vrhoch, rezerv\u00e1ci\u00e1ch a mo\u017enostiach exportu.<br \/>Nap\u00ed\u0161te n\u00e1m na<a href=\"mailto:jasonsbluemail@gmail.com\"> jasonsbluemail@gmail.com<\/a><\/p>\n<p>O\u010dak\u00e1van\u00e9 vrhy &#8211; na tomto odkaze.<\/p><\/div>\n\t\t\t<\/div>\n\t\t<\/div>\n\t\t\t\t\t\t<\/div>\n\t\t\t\t<\/div>\n\t\t\t\t\t<\/div>\n\t\t\t\t<\/div>\n\t\t<div class=\"elementor-element elementor-element-8e360fc e-flex e-con-boxed e-con e-parent\" data-id=\"8e360fc\" data-element_type=\"container\">\n\t\t\t\t\t<div class=\"e-con-inner\">\n\t\t\t\t<div class=\"elementor-element elementor-element-ff1b180 elementor-widget elementor-widget-penci-latest-posts\" data-id=\"ff1b180\" data-element_type=\"widget\" data-widget_type=\"penci-latest-posts.default\">\n\t\t\t\t<div class=\"elementor-widget-container\">\n\t\t\t\t\t                <div id=\"pencilatest_posts_67534\" class=\"penci-latest-posts-sc penci-latest-posts-grid penci-latest-posts-el penci-el-mixed-s1 penci-std-continue-center penci-std-excerpt-center penci-grid-excerpt-left\">\n\t\t\t\t\t\t\t\t\t\t\t                        <div class=\"penci-border-arrow penci-homepage-title penci-home-latest-posts style-21 pcalign-center pciconp-right pcicon-right\">\n                            <h3 class=\"inner-arrow\">\n                                <span>\n\t\t\t\t\t\t\t\t<span>Oznamy<\/span>                                <\/span>\n                            <\/h3>\n\t\t\t\t\t\t\t                        <\/div>\n\t\t\t\t\t                    <div class=\"penci-wrapper-posts-ajax\">\n\n                        <div class=\"penci-wrapper-posts-content pwid-default\">\n\n\t\t\t\t\t\t\t\t\t\t\t\t\t\t\t                                <ul data-cols=\"3\" data-tcols=\"3\" data-mcols=\"2\" data-layout=\"grid\"\n                                    class=\"has-d-cols has-t-cols has-m-cols penci-wrapper-data penci-grid penci-shortcode-render\">\t\t\t\t\t\t\t\t\t\t\t\t\t\t\t\t\t\t\t\t<li class=\"grid-style\">\n    <article id=\"post-43\" class=\"item hentry\">\n\t\t            <div class=\"thumbnail\">\n\t\t\t\t\t\t\t\t                    <a class=\"penci-image-holder penci-lazy\"\n                       data-bgset=\"https:\/\/jasonsblue.sk\/wp-content\/uploads\/2025\/02\/Messenger_creation_7CFA297B-6868-411B-A101-DBD51D47C63B-585x390.jpeg\"\n                       href=\"https:\/\/jasonsblue.sk\/?p=43\" title=\"\u0160teniatka &#8211; vrh  F!\">\n                    <\/a>\n\t\t\t\t\n\t\t\t\t\t\t\t\t\t\t\t\t\t\t\t\t\t\t\t\t\t\t\t\t\t\t\t\t\t\t\t\t\t            <\/div>\n\t\t\n        <div class=\"grid-header-box\">\n\t\t\t                <span class=\"cat\"><a style=\"\" class=\"penci-cat-name penci-cat-9\" href=\"https:\/\/jasonsblue.sk\/?cat=9\"  rel=\"category tag\"><span style=\"\">Ellie<\/span><\/a><a style=\"\" class=\"penci-cat-name penci-cat-7\" href=\"https:\/\/jasonsblue.sk\/?cat=7\"  rel=\"category tag\"><span style=\"\">Na\u0161e psy<\/span><\/a><a style=\"\" class=\"penci-cat-name penci-cat-6\" href=\"https:\/\/jasonsblue.sk\/?cat=6\"  rel=\"category tag\"><span style=\"\">vrhy<\/span><\/a><\/span>\n\t\t\t\n            <h2 class=\"penci-entry-title entry-title grid-title\"><a\n                        href=\"https:\/\/jasonsblue.sk\/?p=43\">\u0160teniatka &#8211; vrh  F!<\/a>\n            <\/h2>\n\t\t\t\t\t\t\t\t<div class=\"penci-hide-tagupdated\">\n\t\t\t<span class=\"author-italic author vcard\">by \t\t\t\t\t\t\t\t\t\t<a class=\"author-url url fn n\"\n\t\t\t\t\t\t\t\t\t\t\thref=\"https:\/\/jasonsblue.sk\/?author=1\">admin<\/a>\n\t\t\t\t\t\t\t\t\t<\/span>\n\t\t\t<time class=\"entry-date published\" datetime=\"2025-02-15T14:51:00+01:00\">15. febru\u00e1ra 2025<\/time>\t\t<\/div>\n\t\t\t\t\t\t                <div class=\"grid-post-box-meta\">\n\t\t\t\t\t                        <span class=\"otherl-date-author author-italic author vcard\">by                                 <a class=\"author-url url fn n\"\n                                   href=\"https:\/\/jasonsblue.sk\/?author=1\">admin<\/a>\n\t\t\t\t\t\t\t<\/span>\n\t\t\t\t\t\t\t\t\t\t                        <span class=\"otherl-date\"><time class=\"entry-date published\" datetime=\"2025-02-15T14:51:00+01:00\">15. febru\u00e1ra 2025<\/time><\/span>\n\t\t\t\t\t\t\t\t\t\t\t\t\t\t\t\t\t\t\t\t\t\t\t\t\t                <\/div>\n\t\t\t        <\/div>\n\n\t\t            <div class=\"item-content entry-content\">\n\t\t\t\t<p>https:\/\/jasonsblue.sk\/wp-content\/uploads\/2025\/03\/steniatka-s-Ellie-Jasons-blue.mp4https:\/\/jasonsblue.sk\/wp-content\/uploads\/2025\/03\/modry-gaskonsky-baset-steniatka.mp4 Na\u0161e \u0160teniatka 15.2.2025 &#8211; S rados\u0165ou V\u00e1m oznamujeme, \u017ee sa v chovate\u013eskej stanici Jasons blue narodili 2 psy a 2 su\u010dky. Rodi\u010dia: Nougat des vallees longeronnaises + Ellie Jasons &#8230;<\/p>\n            <\/div>\n\t\t\n\t\t\n\t\t            <div class=\"penci-post-box-meta penci-post-box-grid\">\n                <div class=\"penci-post-share-box\">\n\t\t\t\t\t<a href=\"#\" class=\"penci-post-like\" aria-label=\"Like this post\" data-post_id=\"43\" title=\"Like\" data-like=\"Like\" data-unlike=\"Unlike\"><i class=\"penci-faicon fa fa-heart-o\" ><\/i><span class=\"dt-share\">1<\/span><\/a>\t\t\t\t\t<a class=\"new-ver-share post-share-item post-share-facebook\" aria-label=\"Share on Facebook\" target=\"_blank\"  rel=\"noreferrer\" href=\"https:\/\/www.facebook.com\/sharer\/sharer.php?u=https:\/\/jasonsblue.sk\/?p=43\"><i class=\"penci-faicon fa fa-facebook\" ><\/i><span class=\"dt-share\">Facebook<\/span><\/a><a class=\"new-ver-share post-share-item post-share-twitter\" aria-label=\"Share on Twitter\" target=\"_blank\"  rel=\"noreferrer\" href=\"https:\/\/x.com\/intent\/tweet?text=Check%20out%20this%20article:%20%C5%A0teniatka%20-%20vrh%20%20F%21%20-%20https:\/\/jasonsblue.sk\/?p=43\"><i class=\"penci-faicon penciicon-x-twitter\" ><\/i><span class=\"dt-share\">Twitter<\/span><\/a><a class=\"new-ver-share post-share-item post-share-pinterest\" aria-label=\"Pin to Pinterest\" data-pin-do=\"none\"  rel=\"noreferrer\" target=\"_blank\" href=\"https:\/\/www.pinterest.com\/pin\/create\/button\/?url=https%3A%2F%2Fjasonsblue.sk%2F%3Fp%3D43&media=https%3A%2F%2Fjasonsblue.sk%2Fwp-content%2Fuploads%2F2025%2F02%2FMessenger_creation_7CFA297B-6868-411B-A101-DBD51D47C63B.jpeg&description=%C5%A0teniatka+-+vrh++F%21\"><i class=\"penci-faicon fa fa-pinterest\" ><\/i><span class=\"dt-share\">Pinterest<\/span><\/a><a class=\"new-ver-share post-share-item post-share-email\" target=\"_blank\" aria-label=\"Share via Email\"  rel=\"noreferrer\" href=\"mailto:?subject=\u0160teniatka%20-%20vrh%20%20F!&#038;BODY=https:\/\/jasonsblue.sk\/?p=43\"><i class=\"penci-faicon fa fa-envelope\" ><\/i><span class=\"dt-share\">Email<\/span><\/a>                <\/div>\n            <\/div>\n\t\t    <\/article>\n<\/li>\n<li class=\"grid-style\">\n    <article id=\"post-233\" class=\"item hentry\">\n\t\t            <div class=\"thumbnail\">\n\t\t\t\t\t\t\t\t                    <a class=\"penci-image-holder penci-lazy\"\n                       data-bgset=\"https:\/\/jasonsblue.sk\/wp-content\/uploads\/2025\/01\/LegendeJacinthe-585x390.jpg\"\n                       href=\"https:\/\/jasonsblue.sk\/?p=233\" title=\"Chovate\u013esk\u00e1 stanica Jasons blue\">\n                    <\/a>\n\t\t\t\t\n\t\t\t\t\t\t\t\t\t\t\t\t\t\t\t\t\t\t\t\t\t\t\t\t\t\t\t\t\t\t\t\t\t            <\/div>\n\t\t\n        <div class=\"grid-header-box\">\n\t\t\t                <span class=\"cat\"><a style=\"\" class=\"penci-cat-name penci-cat-12\" href=\"https:\/\/jasonsblue.sk\/?cat=12\"  rel=\"category tag\"><span style=\"\">Chovate\u013esk\u00e1 stanica<\/span><\/a><\/span>\n\t\t\t\n            <h2 class=\"penci-entry-title entry-title grid-title\"><a\n                        href=\"https:\/\/jasonsblue.sk\/?p=233\">Chovate\u013esk\u00e1 stanica Jasons blue<\/a>\n            <\/h2>\n\t\t\t\t\t\t\t\t<div class=\"penci-hide-tagupdated\">\n\t\t\t<span class=\"author-italic author vcard\">by \t\t\t\t\t\t\t\t\t\t<a class=\"author-url url fn n\"\n\t\t\t\t\t\t\t\t\t\t\thref=\"https:\/\/jasonsblue.sk\/?author=1\">admin<\/a>\n\t\t\t\t\t\t\t\t\t<\/span>\n\t\t\t<time class=\"entry-date published\" datetime=\"2016-03-01T17:28:00+01:00\">1. marca 2016<\/time>\t\t<\/div>\n\t\t\t\t\t\t                <div class=\"grid-post-box-meta\">\n\t\t\t\t\t                        <span class=\"otherl-date-author author-italic author vcard\">by                                 <a class=\"author-url url fn n\"\n                                   href=\"https:\/\/jasonsblue.sk\/?author=1\">admin<\/a>\n\t\t\t\t\t\t\t<\/span>\n\t\t\t\t\t\t\t\t\t\t                        <span class=\"otherl-date\"><time class=\"entry-date published\" datetime=\"2016-03-01T17:28:00+01:00\">1. marca 2016<\/time><\/span>\n\t\t\t\t\t\t\t\t\t\t\t\t\t\t\t\t\t\t\t\t\t\t\t\t\t                <\/div>\n\t\t\t        <\/div>\n\n\t\t            <div class=\"item-content entry-content\">\n\t\t\t\t<p>Chovate\u013esk\u00e1 stanica Jasonsblue TV Mark\u00edza odvysielala report\u00e1\u017e, kde sme predstavili plemeno modr\u00fd ganskonsk\u00fd baset a na\u0161u chovate\u013esk\u00fa stanicu Jasons blue a taktie\u017e prv\u00fd vrh plemena modr\u00fd gasko\u0148sk\u00fd baset na Slovensku.<\/p>\n            <\/div>\n\t\t\n\t\t\n\t\t            <div class=\"penci-post-box-meta penci-post-box-grid\">\n                <div class=\"penci-post-share-box\">\n\t\t\t\t\t<a href=\"#\" class=\"penci-post-like\" aria-label=\"Like this post\" data-post_id=\"233\" title=\"Like\" data-like=\"Like\" data-unlike=\"Unlike\"><i class=\"penci-faicon fa fa-heart-o\" ><\/i><span class=\"dt-share\">0<\/span><\/a>\t\t\t\t\t<a class=\"new-ver-share post-share-item post-share-facebook\" aria-label=\"Share on Facebook\" target=\"_blank\"  rel=\"noreferrer\" href=\"https:\/\/www.facebook.com\/sharer\/sharer.php?u=https:\/\/jasonsblue.sk\/?p=233\"><i class=\"penci-faicon fa fa-facebook\" ><\/i><span class=\"dt-share\">Facebook<\/span><\/a><a class=\"new-ver-share post-share-item post-share-twitter\" aria-label=\"Share on Twitter\" target=\"_blank\"  rel=\"noreferrer\" href=\"https:\/\/x.com\/intent\/tweet?text=Check%20out%20this%20article:%20Chovate%C4%BEsk%C3%A1%20stanica%20Jasons%20blue%20-%20https:\/\/jasonsblue.sk\/?p=233\"><i class=\"penci-faicon penciicon-x-twitter\" ><\/i><span class=\"dt-share\">Twitter<\/span><\/a><a class=\"new-ver-share post-share-item post-share-pinterest\" aria-label=\"Pin to Pinterest\" data-pin-do=\"none\"  rel=\"noreferrer\" target=\"_blank\" href=\"https:\/\/www.pinterest.com\/pin\/create\/button\/?url=https%3A%2F%2Fjasonsblue.sk%2F%3Fp%3D233&media=https%3A%2F%2Fjasonsblue.sk%2Fwp-content%2Fuploads%2F2025%2F01%2FLegendeJacinthe-scaled.jpg&description=Chovate%C4%BEsk%C3%A1+stanica+Jasons+blue\"><i class=\"penci-faicon fa fa-pinterest\" ><\/i><span class=\"dt-share\">Pinterest<\/span><\/a><a class=\"new-ver-share post-share-item post-share-email\" target=\"_blank\" aria-label=\"Share via Email\"  rel=\"noreferrer\" href=\"mailto:?subject=Chovate\u013esk\u00e1%20stanica%20Jasons%20blue&#038;BODY=https:\/\/jasonsblue.sk\/?p=233\"><i class=\"penci-faicon fa fa-envelope\" ><\/i><span class=\"dt-share\">Email<\/span><\/a>                <\/div>\n            <\/div>\n\t\t    <\/article>\n<\/li>\n\n\t\t\t\t\t\t\t\t\t\t\t\t\t\t\t\t\t\t\t\t\t\t\t\t\t\t\t\t<\/ul>\n\t\t\t\t\t\t\t\t\t\t\t\t\t\t\t\t\t\t\t\t\t                        <\/div>\n\n\t\t\t\t\t\t                    <\/div>\n                <\/div>\n\t\t\t            <style>\n                                                                                                                                                                            <\/style>\n\t\t\t\t\t\t\t<\/div>\n\t\t\t\t<\/div>\n\t\t\t\t\t<\/div>\n\t\t\t\t<\/div>\n\t\t<div class=\"elementor-element elementor-element-7f28cf5 e-flex e-con-boxed e-con e-parent\" data-id=\"7f28cf5\" data-element_type=\"container\">\n\t\t\t\t\t<div class=\"e-con-inner\">\n\t\t\t\t<div class=\"elementor-element elementor-element-d40ea50 elementor-widget elementor-widget-image\" data-id=\"d40ea50\" data-element_type=\"widget\" data-widget_type=\"image.default\">\n\t\t\t\t<div class=\"elementor-widget-container\">\n\t\t\t\t\t\t\t\t\t\t\t\t\t\t\t<img decoding=\"async\" width=\"768\" height=\"534\" src=\"https:\/\/jasonsblue.sk\/wp-content\/uploads\/2025\/01\/FCI-chovatelska-stanica-jasonsblue-768x534.jpg\" class=\"attachment-medium_large size-medium_large wp-image-48\" alt=\"FCI medzin\u00e1rodne uznan\u00e1 chovate\u013esk\u00e1 stanica Jasons blue\" srcset=\"https:\/\/jasonsblue.sk\/wp-content\/uploads\/2025\/01\/FCI-chovatelska-stanica-jasonsblue-768x534.jpg 768w, https:\/\/jasonsblue.sk\/wp-content\/uploads\/2025\/01\/FCI-chovatelska-stanica-jasonsblue-300x208.jpg 300w, https:\/\/jasonsblue.sk\/wp-content\/uploads\/2025\/01\/FCI-chovatelska-stanica-jasonsblue-1024x711.jpg 1024w, https:\/\/jasonsblue.sk\/wp-content\/uploads\/2025\/01\/FCI-chovatelska-stanica-jasonsblue-1170x813.jpg 1170w, https:\/\/jasonsblue.sk\/wp-content\/uploads\/2025\/01\/FCI-chovatelska-stanica-jasonsblue-585x406.jpg 585w, https:\/\/jasonsblue.sk\/wp-content\/uploads\/2025\/01\/FCI-chovatelska-stanica-jasonsblue.jpg 1386w\" sizes=\"(max-width: 768px) 100vw, 768px\" \/>\t\t\t\t\t\t\t\t\t\t\t\t\t\t\t<\/div>\n\t\t\t\t<\/div>\n\t\t\t\t\t<\/div>\n\t\t\t\t<\/div>\n\t\t\t\t<\/div>\n\t\t","protected":false},"excerpt":{"rendered":"<p>Jacinthe des Vallees Longeronnaises Legende des Vallees Longeronnaises Nougat des Vallees Longeronnaises Melvin des Vallees Longeronnaises Na\u0161a chovate\u013esk\u00e1 stanica Vitajte na str\u00e1nke chovate\u013eskej stanice Jasons blue, kde sa venujeme chovu&hellip;<\/p>\n","protected":false},"author":1,"featured_media":0,"parent":0,"menu_order":0,"comment_status":"closed","ping_status":"closed","template":"","meta":{"content-type":"","om_disable_all_campaigns":false,"_monsterinsights_skip_tracking":false,"_monsterinsights_sitenote_active":false,"_monsterinsights_sitenote_note":"","_monsterinsights_sitenote_category":0,"_uf_show_specific_survey":0,"_uf_disable_surveys":false,"_lmt_disableupdate":"","_lmt_disable":"","footnotes":""},"class_list":["post-15","page","type-page","status-publish","hentry"],"aioseo_notices":[],"_links":{"self":[{"href":"https:\/\/jasonsblue.sk\/index.php?rest_route=\/wp\/v2\/pages\/15","targetHints":{"allow":["GET"]}}],"collection":[{"href":"https:\/\/jasonsblue.sk\/index.php?rest_route=\/wp\/v2\/pages"}],"about":[{"href":"https:\/\/jasonsblue.sk\/index.php?rest_route=\/wp\/v2\/types\/page"}],"author":[{"embeddable":true,"href":"https:\/\/jasonsblue.sk\/index.php?rest_route=\/wp\/v2\/users\/1"}],"replies":[{"embeddable":true,"href":"https:\/\/jasonsblue.sk\/index.php?rest_route=%2Fwp%2Fv2%2Fcomments&post=15"}],"version-history":[{"count":6,"href":"https:\/\/jasonsblue.sk\/index.php?rest_route=\/wp\/v2\/pages\/15\/revisions"}],"predecessor-version":[{"id":253,"href":"https:\/\/jasonsblue.sk\/index.php?rest_route=\/wp\/v2\/pages\/15\/revisions\/253"}],"wp:attachment":[{"href":"https:\/\/jasonsblue.sk\/index.php?rest_route=%2Fwp%2Fv2%2Fmedia&parent=15"}],"curies":[{"name":"wp","href":"https:\/\/api.w.org\/{rel}","templated":true}]}}