{"id":124,"date":"2025-02-07T13:56:52","date_gmt":"2025-02-07T12:56:52","guid":{"rendered":"https:\/\/jasonsblue.sk\/?page_id=124"},"modified":"2025-02-23T17:39:42","modified_gmt":"2025-02-23T16:39:42","slug":"siri-des-vallees-longeronnaises","status":"publish","type":"page","link":"https:\/\/jasonsblue.sk\/?page_id=124","title":{"rendered":"Sirena D&#8217;Ambre de Chassagnes"},"content":{"rendered":"\t\t<div data-elementor-type=\"wp-page\" data-elementor-id=\"124\" class=\"elementor elementor-124\">\n\t\t\t\t<div class=\"elementor-element elementor-element-8b9d34d e-flex e-con-boxed e-con e-parent\" data-id=\"8b9d34d\" data-element_type=\"container\">\n\t\t\t\t\t<div class=\"e-con-inner\">\n\t\t\t\t<div class=\"elementor-element elementor-element-cd816ec penci-h-poswrap-center penci-v-poswrap-middle elementor-widget elementor-widget-penci-custom-sliders\" data-id=\"cd816ec\" data-element_type=\"widget\" data-widget_type=\"penci-custom-sliders.default\">\n\t\t\t\t<div class=\"elementor-widget-container\">\n\t\t\t\t\t<div class=\"penci-block-vc penci-custom-slides\"><div class=\"penci-block_content penci-slides-wrap swiper penci-owl-carousel penci-owl-carousel-slider pcdots-dots\"  data-items=\"1\" data-auto=\"true\" data-autotime=\"4000\" data-speed=\"800\" data-anim=\"slide\" data-ceffect=\"swing\" data-seffect=\"creative\"><div class=\"swiper-wrapper\"><div class=\"swiper-slide elementor-repeater-item-4b2c301 penci-ctslide-wrap\"><div class=\"penci-custom-slide\"><div class=\"penci-ctslide-bg\"><\/div><div class=\"penci-ctslide-inner\"><div class=\"penci-ctslider-content penci-fadeInUp\"><\/div><\/div><\/div><\/div><\/div><\/div><\/div>\t\t\t\t<\/div>\n\t\t\t\t<\/div>\n\t\t\t\t\t<\/div>\n\t\t\t\t<\/div>\n\t\t<div class=\"elementor-element elementor-element-e01b2b4 e-flex e-con-boxed e-con e-parent\" data-id=\"e01b2b4\" data-element_type=\"container\">\n\t\t\t\t\t<div class=\"e-con-inner\">\n\t\t\t\t<div class=\"elementor-element elementor-element-efd1a1e elementor-widget elementor-widget-penci-text-block\" data-id=\"efd1a1e\" data-element_type=\"widget\" data-widget_type=\"penci-text-block.default\">\n\t\t\t\t<div class=\"elementor-widget-container\">\n\t\t\t\t\t\t\t<div class=\"penci-block-vc penci-text-editor\">\n\t\t\t        <div class=\"penci-border-arrow penci-homepage-title penci-home-latest-posts style-21 pcalign-center pciconp-right pcicon-right block-title-icon-left\">\n            <h3 class=\"inner-arrow\">\n                <span>\n                    <span>Sirena d'Ambre de Chassagne<\/a>                <\/span>\n            <\/h3>\n\t\t\t        <\/div>\n\t\t\t\t\t<div class=\"penci-block_content\">\n\t\t\t\t<div class=\"elementor-text-editor elementor-clearfix\"><p>Na\u0161a chovn\u00e1 suka Siri, najnov\u0161\u00ed \u010dlen na\u0161ej chovate\u013eskej stanice Jasons blue.<\/p><p>Otec:\u00a0 Orient d&#8217;Ambre de Chassagne<\/p><p>Matka: Nina<\/p><p>V\u00fdstavy: RCAC, 2x v\u00fdborna<\/p><\/div>\n\t\t\t<\/div>\n\t\t<\/div>\n\t\t\t\t\t\t<\/div>\n\t\t\t\t<\/div>\n\t\t\t\t\t<\/div>\n\t\t\t\t<\/div>\n\t\t\t\t<\/div>\n\t\t","protected":false},"excerpt":{"rendered":"<p>Sirena d&#8217;Ambre de Chassagne Na\u0161a chovn\u00e1 suka Siri, najnov\u0161\u00ed \u010dlen na\u0161ej chovate\u013eskej stanice Jasons blue. Otec:\u00a0 Orient d&#8217;Ambre de Chassagne Matka: Nina V\u00fdstavy: RCAC, 2x v\u00fdborna<\/p>\n","protected":false},"author":1,"featured_media":107,"parent":89,"menu_order":0,"comment_status":"closed","ping_status":"closed","template":"","meta":{"content-type":"","om_disable_all_campaigns":false,"_monsterinsights_skip_tracking":false,"_monsterinsights_sitenote_active":false,"_monsterinsights_sitenote_note":"","_monsterinsights_sitenote_category":0,"_uf_show_specific_survey":0,"_uf_disable_surveys":false,"_lmt_disableupdate":"","_lmt_disable":"","footnotes":""},"class_list":["post-124","page","type-page","status-publish","has-post-thumbnail","hentry"],"aioseo_notices":[],"_links":{"self":[{"href":"https:\/\/jasonsblue.sk\/index.php?rest_route=\/wp\/v2\/pages\/124","targetHints":{"allow":["GET"]}}],"collection":[{"href":"https:\/\/jasonsblue.sk\/index.php?rest_route=\/wp\/v2\/pages"}],"about":[{"href":"https:\/\/jasonsblue.sk\/index.php?rest_route=\/wp\/v2\/types\/page"}],"author":[{"embeddable":true,"href":"https:\/\/jasonsblue.sk\/index.php?rest_route=\/wp\/v2\/users\/1"}],"replies":[{"embeddable":true,"href":"https:\/\/jasonsblue.sk\/index.php?rest_route=%2Fwp%2Fv2%2Fcomments&post=124"}],"version-history":[{"count":6,"href":"https:\/\/jasonsblue.sk\/index.php?rest_route=\/wp\/v2\/pages\/124\/revisions"}],"predecessor-version":[{"id":174,"href":"https:\/\/jasonsblue.sk\/index.php?rest_route=\/wp\/v2\/pages\/124\/revisions\/174"}],"up":[{"embeddable":true,"href":"https:\/\/jasonsblue.sk\/index.php?rest_route=\/wp\/v2\/pages\/89"}],"wp:featuredmedia":[{"embeddable":true,"href":"https:\/\/jasonsblue.sk\/index.php?rest_route=\/wp\/v2\/media\/107"}],"wp:attachment":[{"href":"https:\/\/jasonsblue.sk\/index.php?rest_route=%2Fwp%2Fv2%2Fmedia&parent=124"}],"curies":[{"name":"wp","href":"https:\/\/api.w.org\/{rel}","templated":true}]}}