{"id":119,"date":"2025-02-04T18:12:59","date_gmt":"2025-02-04T17:12:59","guid":{"rendered":"https:\/\/jasonsblue.sk\/?page_id=119"},"modified":"2025-02-23T17:38:24","modified_gmt":"2025-02-23T16:38:24","slug":"melvin-des-vallees-longeronnaises-2","status":"publish","type":"page","link":"https:\/\/jasonsblue.sk\/?page_id=119","title":{"rendered":"Melvin des Vallees Longeronnaises"},"content":{"rendered":"\t\t<div data-elementor-type=\"wp-page\" data-elementor-id=\"119\" class=\"elementor elementor-119\">\n\t\t\t\t<div class=\"elementor-element elementor-element-b569be7 e-flex e-con-boxed e-con e-parent\" data-id=\"b569be7\" data-element_type=\"container\">\n\t\t\t\t\t<div class=\"e-con-inner\">\n\t\t\t\t<div class=\"elementor-element elementor-element-22cf94b penci-h-poswrap-center penci-v-poswrap-middle elementor-widget elementor-widget-penci-custom-sliders\" data-id=\"22cf94b\" data-element_type=\"widget\" data-widget_type=\"penci-custom-sliders.default\">\n\t\t\t\t<div class=\"elementor-widget-container\">\n\t\t\t\t\t<div class=\"penci-block-vc penci-custom-slides\"><div class=\"penci-block_content penci-slides-wrap swiper penci-owl-carousel penci-owl-carousel-slider pcdots-dots\"  data-items=\"1\" data-auto=\"true\" data-autotime=\"4000\" data-speed=\"800\" data-anim=\"slide\" data-ceffect=\"swing\" data-seffect=\"creative\"><div class=\"swiper-wrapper\"><div class=\"swiper-slide elementor-repeater-item-a0d6466 penci-ctslide-wrap\"><div class=\"penci-custom-slide\"><div class=\"penci-ctslide-bg\"><\/div><div class=\"penci-ctslide-inner\"><div class=\"penci-ctslider-content penci-fadeInUp\"><\/div><\/div><\/div><\/div><div class=\"swiper-slide elementor-repeater-item-a17b784 penci-ctslide-wrap\"><div class=\"penci-custom-slide\"><div class=\"penci-ctslide-bg\"><\/div><div class=\"penci-ctslide-inner\"><div class=\"penci-ctslider-content penci-fadeInUp\"><\/div><\/div><\/div><\/div><div class=\"swiper-slide elementor-repeater-item-e1dbdf6 penci-ctslide-wrap\"><div class=\"penci-custom-slide\"><div class=\"penci-ctslide-bg\"><\/div><div class=\"penci-ctslide-inner\"><div class=\"penci-ctslider-content penci-fadeInUp\"><\/div><\/div><\/div><\/div><\/div><\/div><\/div>\t\t\t\t<\/div>\n\t\t\t\t<\/div>\n\t\t\t\t\t<\/div>\n\t\t\t\t<\/div>\n\t\t<div class=\"elementor-element elementor-element-71b4455 e-flex e-con-boxed e-con e-parent\" data-id=\"71b4455\" data-element_type=\"container\">\n\t\t\t\t\t<div class=\"e-con-inner\">\n\t\t\t\t<div class=\"elementor-element elementor-element-f0ada3c elementor-widget elementor-widget-penci-text-block\" data-id=\"f0ada3c\" data-element_type=\"widget\" data-widget_type=\"penci-text-block.default\">\n\t\t\t\t<div class=\"elementor-widget-container\">\n\t\t\t\t\t\t\t<div class=\"penci-block-vc penci-text-editor\">\n\t\t\t\t\t\t<div class=\"penci-block_content\">\n\t\t\t\t<div class=\"elementor-text-editor elementor-clearfix\"><p>N\u00e1\u0161 chovn\u00fd pes Melvin des Vallees Longeronnaises.<\/p>\n<p>Otec: Gospel<\/p>\n<p>Matka: Helza des Vallees Longeronnaises<\/p>\n<p>Sk\u00fa\u0161ky: fsmp I. cena, sd III cena<\/p>\n<p>V\u00fdstavy: Slovensk\u00fd \u0161ampi\u00f3n kr\u00e1sy junior, po\u013esk\u00fd, \u010desk\u00fd, slovensk\u00fd \u0161ampi\u00f3n kr\u00e1sy, CAC, CACIB, BOB, BOS<\/p><\/div>\n\t\t\t<\/div>\n\t\t<\/div>\n\t\t\t\t\t\t<\/div>\n\t\t\t\t<\/div>\n\t\t\t\t\t<\/div>\n\t\t\t\t<\/div>\n\t\t\t\t<\/div>\n\t\t","protected":false},"excerpt":{"rendered":"<p>N\u00e1\u0161 chovn\u00fd pes Melvin des Vallees Longeronnaises. Otec: Gospel Matka: Helza des Vallees Longeronnaises Sk\u00fa\u0161ky: fsmp I. cena, sd III cena V\u00fdstavy: Slovensk\u00fd \u0161ampi\u00f3n kr\u00e1sy junior, po\u013esk\u00fd, \u010desk\u00fd, slovensk\u00fd \u0161ampi\u00f3n&hellip;<\/p>\n","protected":false},"author":1,"featured_media":105,"parent":89,"menu_order":0,"comment_status":"closed","ping_status":"closed","template":"","meta":{"content-type":"","om_disable_all_campaigns":false,"_monsterinsights_skip_tracking":false,"_monsterinsights_sitenote_active":false,"_monsterinsights_sitenote_note":"","_monsterinsights_sitenote_category":0,"_uf_show_specific_survey":0,"_uf_disable_surveys":false,"_lmt_disableupdate":"","_lmt_disable":"","footnotes":""},"class_list":["post-119","page","type-page","status-publish","has-post-thumbnail","hentry"],"aioseo_notices":[],"_links":{"self":[{"href":"https:\/\/jasonsblue.sk\/index.php?rest_route=\/wp\/v2\/pages\/119","targetHints":{"allow":["GET"]}}],"collection":[{"href":"https:\/\/jasonsblue.sk\/index.php?rest_route=\/wp\/v2\/pages"}],"about":[{"href":"https:\/\/jasonsblue.sk\/index.php?rest_route=\/wp\/v2\/types\/page"}],"author":[{"embeddable":true,"href":"https:\/\/jasonsblue.sk\/index.php?rest_route=\/wp\/v2\/users\/1"}],"replies":[{"embeddable":true,"href":"https:\/\/jasonsblue.sk\/index.php?rest_route=%2Fwp%2Fv2%2Fcomments&post=119"}],"version-history":[{"count":6,"href":"https:\/\/jasonsblue.sk\/index.php?rest_route=\/wp\/v2\/pages\/119\/revisions"}],"predecessor-version":[{"id":171,"href":"https:\/\/jasonsblue.sk\/index.php?rest_route=\/wp\/v2\/pages\/119\/revisions\/171"}],"up":[{"embeddable":true,"href":"https:\/\/jasonsblue.sk\/index.php?rest_route=\/wp\/v2\/pages\/89"}],"wp:featuredmedia":[{"embeddable":true,"href":"https:\/\/jasonsblue.sk\/index.php?rest_route=\/wp\/v2\/media\/105"}],"wp:attachment":[{"href":"https:\/\/jasonsblue.sk\/index.php?rest_route=%2Fwp%2Fv2%2Fmedia&parent=119"}],"curies":[{"name":"wp","href":"https:\/\/api.w.org\/{rel}","templated":true}]}}